{"id":8465,"date":"2020-11-12T18:49:00","date_gmt":"2020-11-12T15:49:00","guid":{"rendered":"http:\/\/northmotion.com\/?page_id=8465"},"modified":"2020-11-19T14:21:35","modified_gmt":"2020-11-19T11:21:35","slug":"privacy-policy","status":"publish","type":"page","link":"http:\/\/northmotion.com\/en\/privacy-policy\/","title":{"rendered":"Privacy Policy"},"content":{"rendered":"\t\t<div data-elementor-type=\"wp-page\" data-elementor-id=\"8465\" class=\"elementor elementor-8465\">\n\t\t\t\t\t\t<section class=\"elementor-section elementor-top-section elementor-element elementor-element-c457631 elementor-section-content-middle elementor-section-items-bottom elementor-section-height-min-height elementor-section-boxed elementor-section-height-default\" data-id=\"c457631\" data-element_type=\"section\" data-settings=\"{&quot;background_background&quot;:&quot;classic&quot;}\">\n\t\t\t\t\t\t<div class=\"elementor-container elementor-column-gap-wider\">\n\t\t\t\t\t<div class=\"elementor-column elementor-col-100 elementor-top-column elementor-element elementor-element-54c55b4\" data-id=\"54c55b4\" data-element_type=\"column\">\n\t\t\t<div class=\"elementor-widget-wrap elementor-element-populated\">\n\t\t\t\t\t\t<div class=\"elementor-element elementor-element-9020560 elementor-invisible elementor-widget elementor-widget-image\" data-id=\"9020560\" data-element_type=\"widget\" data-settings=\"{&quot;_animation&quot;:&quot;fadeInUp&quot;}\" data-widget_type=\"image.default\">\n\t\t\t\t<div class=\"elementor-widget-container\">\n\t\t\t\t\t\t\t\t\t\t\t\t\t\t\t<img decoding=\"async\" src=\"http:\/\/northmotion.com\/wp-content\/uploads\/elementor\/thumbs\/Icon-ojdvtul26e8n9928igqkfu0k5fam0vhb1yqm9ecrq0.png\" title=\"\" alt=\"\" loading=\"lazy\" \/>\t\t\t\t\t\t\t\t\t\t\t\t\t\t\t<\/div>\n\t\t\t\t<\/div>\n\t\t\t\t<div class=\"elementor-element elementor-element-cd06dc1 elementor-invisible elementor-widget elementor-widget-heading\" data-id=\"cd06dc1\" data-element_type=\"widget\" data-settings=\"{&quot;_animation&quot;:&quot;fadeInUp&quot;}\" data-widget_type=\"heading.default\">\n\t\t\t\t<div class=\"elementor-widget-container\">\n\t\t\t\t\t<h2 class=\"elementor-heading-title elementor-size-default\">Privacy Policy<\/h2>\t\t\t\t<\/div>\n\t\t\t\t<\/div>\n\t\t\t\t<div class=\"elementor-element elementor-element-1027c69 elementor-invisible elementor-widget elementor-widget-text-editor\" data-id=\"1027c69\" data-element_type=\"widget\" data-settings=\"{&quot;_animation&quot;:&quot;fadeInUp&quot;}\" data-widget_type=\"text-editor.default\">\n\t\t\t\t<div class=\"elementor-widget-container\">\n\t\t\t\t\t\t\t\t\t<p>Bu politika gizlilik ve g\u00fcvenli\u011fin sa\u011flanmas\u0131 amac\u0131yla olu\u015fturulmu\u015ftur. Gizlilik Politikas\u0131 ve Ayd\u0131nlatma Metninde, ki\u015fisel verilerinizin, 6698 say\u0131l\u0131 Ki\u015fisel Verilerin Korunmas\u0131 Kanunu ve ilgili mevzuata uygun olarak, veri sorumlusu North Motion (\u201cKurum\u201d) nezdinde i\u015flenmesine ili\u015fkin olarak olu\u015fturulmu\u015ftur.<\/p><p><strong> KVKK kapsam\u0131nda Veri Sorumlusu ve Gizlilik Temsilcisi<\/strong><\/p><p>Ki\u015fisel verileriniz mevcut teknolojinin gerekleri uyar\u0131nca veri sorumlusu North Motion taraf\u0131ndan a\u015fa\u011f\u0131da belirtilen usullerde i\u015flenmektedir. Resmi veri sorumlusu olarak kurum \u00e7al\u0131\u015fan\u0131 atanm\u0131\u015ft\u0131r. Verilerinizle ilgili e-posta g\u00f6nderdi\u011finizde sizinle ileti\u015fim kurulacakt\u0131r.<\/p><p><strong> Ki\u015fisel Verilerin \u0130\u015flenme Amac\u0131 ve Hukuki Sebepleri<\/strong><\/p><p>E\u011fitim ve \u00f6\u011fretim faaliyeti kapsam\u0131nda ger\u00e7ekle\u015ftirilecek t\u00fcm i\u015flemlerde toplanan t\u00fcm bilgiler e\u011fitim ve \u00f6\u011fretim hizmeti s\u00fcre\u00e7lerinde kullan\u0131lmak ad\u0131na, Kurum faaliyetlerinin hukuka uygun olarak y\u00fcr\u00fct\u00fclmesi i\u00e7in i\u015flenmektedir. Bu faaliyetlerin kapsam\u0131nda, i\u015f birimlerinin \u00e7al\u0131\u015fmalar\u0131, ticari ve sosyal politikalar\u0131n d\u00fczenlenmesi, kurumsal i\u015fleyi\u015fin sa\u011flanmas\u0131, veri g\u00fcvenli\u011finin sa\u011flanmas\u0131, insan kaynaklar\u0131 s\u00fcre\u00e7lerinin y\u00f6netilmesi yer almaktad\u0131r. \u00a0\u00a0<\/p><p>\u00d6zel nitelikli verilerin i\u015flenmesi Kanun\u2019a g\u00f6re Ki\u015filerin \u0131rk\u0131, etnik k\u00f6keni, siyasi d\u00fc\u015f\u00fcncesi, felsefi inanc\u0131, dini, mezhebi veya di\u011fer inan\u00e7lar\u0131, k\u0131l\u0131k ve k\u0131yafeti, dernek, vak\u0131f ya da sendika \u00fcyeli\u011fi, sa\u011fl\u0131\u011f\u0131, cinsel hayat\u0131, ceza mahk\u00fbmiyeti ve g\u00fcvenlik tedbirleriyle ilgili verileri ile biyo-metrik ve genetik verileri \u00f6zel nitelikli ki\u015fisel veridir. Enstit\u00fc ayr\u0131ca, \u00f6zel nitelikli ki\u015fisel verilerin i\u015flenmesinde, ayr\u0131ca Kurul taraf\u0131ndan belirlenen yeterli \u00f6nlemleri al\u0131r.<br \/>Kurumumuz, hizmetlerin daha iyi verilebilmesi i\u00e7in ki\u015filerin onay\u0131 ile \u00f6zel nitelikli verileri ancak topland\u0131klar\u0131 ama\u00e7 i\u00e7in i\u015fleyebilir.<\/p><p><strong> Ki\u015fisel verilerin saklanmas\u0131 ve korunmas\u0131<\/strong><\/p><p>Ki\u015fisel verileriniz, Firmam\u0131z nezdinde yer alan veri taban\u0131nda ve sistemlerde KVKK\u2019nun 12. maddesi gere\u011fince gizli olarak saklanacak; yasal zorunluluklar ve bu belgede belirtilen d\u00fczenlemeler haricinde hi\u00e7bir \u015fekilde \u00fc\u00e7\u00fcnc\u00fc ki\u015filerle payla\u015f\u0131lmayacakt\u0131r. Firmam\u0131z, ki\u015fisel verilerinizin bar\u0131nd\u0131\u011f\u0131 sistemleri ve veri tabanlar\u0131n\u0131, KVKK\u2019nun 12. Maddesi gere\u011fi ki\u015fisel verilerin hukuka ayk\u0131r\u0131 olarak i\u015flenmesini \u00f6nlemekle, yetkisiz ki\u015filerin eri\u015fimlerini engellemekle, eri\u015fim y\u00f6netimi gibi yaz\u0131l\u0131msal tedbirleri ve fiziksel g\u00fcvenlik \u00f6nlemleri almakla m\u00fckelleftir. Ki\u015fisel verilerin yasal olmayan yollarla ba\u015fkalar\u0131 taraf\u0131ndan elde edilmesinin \u00f6\u011frenilmesi halinde durum derhal, yasal d\u00fczenlemeye uygun ve yaz\u0131l\u0131 olarak Ki\u015fisel Verileri Koruma Kurulu\u2019na bildirilecektir. Ki\u015fisel verilerin g\u00fcncel ve do\u011fru tutulmas\u0131 KVKK\u2019nun 4. maddesi uyar\u0131nca Firmam\u0131z\u0131n ki\u015fisel verilerinizi do\u011fru ve g\u00fcncel olarak tutma y\u00fck\u00fcml\u00fcl\u00fc\u011f\u00fc bulunmaktad\u0131r. Bu kapsamda Firmam\u0131z\u0131n y\u00fcr\u00fcrl\u00fckteki mevzuattan do\u011fan y\u00fck\u00fcml\u00fcl\u00fcklerini yerine getirebilmesi i\u00e7in M\u00fc\u015fterilerimizin do\u011fru ve g\u00fcncel verilerini payla\u015fmas\u0131 veya web sitesi \/ mobil uygulama \u00fczerinden g\u00fcncellemesi gerekmektedir.<\/p><p><strong> \u0130\u015flenen Ki\u015fisel Verilerin Aktar\u0131ld\u0131\u011f\u0131 Yerler ve Aktar\u0131m Amac\u0131<\/strong><\/p><p>Veriler, e\u011fitim ve \u00f6\u011fretim hizmetinin gere\u011fi kapsam\u0131nda herhangi bir kurum ya da kurulu\u015fla payla\u015f\u0131lmamaktad\u0131r. Verileriniz \u0130stanbul&#8217;da bulunan g\u00fcvenilir sunucularda \u015fifreli olarak saklanmaktad\u0131r. Veri sorumlusu ve gizlilik s\u00f6zle\u015fmesi imzalayan personel d\u0131\u015f\u0131nda eri\u015fime kapal\u0131d\u0131r.\u00a0<\/p><p>T\u00fcrkiye\u2019de i\u015flenerek veya T\u00fcrkiye d\u0131\u015f\u0131nda i\u015flenip muhafaza edilmek \u00fczere, yukar\u0131da say\u0131lan y\u00f6ntemlerden herhangi birisi ile toplanm\u0131\u015f ki\u015fisel verileriniz KVKK kapsam\u0131nda kalmak kayd\u0131yla ve s\u00f6zle\u015fme ama\u00e7lar\u0131na uygun olarak yurtd\u0131\u015f\u0131nda bulunan (Ki\u015fisel Veriler Kurulu taraf\u0131ndan akredite edilen ve ki\u015fisel verilerin korunmas\u0131 hususunda yeterli koruman\u0131n bulundu\u011fu \u00fclkelere) hizmet arac\u0131lar\u0131na da aktar\u0131labilecektir.<\/p><p><strong> Ki\u015fisel Verilerin Toplanma Y\u00f6ntemi ve Hukuki Sebebi<\/strong><\/p><p>Ki\u015fisel verileriniz e\u011fitim ve \u00f6\u011fretim faaliyetlerimizi y\u00fcr\u00fctmek amac\u0131yla Kurumumuz taraf\u0131ndan \u00e7e\u015fitli y\u00f6ntemlerle, \u00f6zellikle de Kurum i\u00e7i a\u011flarla yaz\u0131l\u0131 ve elektronik ortamda toplanmaktad\u0131r. Ki\u015fisel verileriniz, Kanun taraf\u0131ndan \u00f6ng\u00f6r\u00fclen temel ilkelere, veri i\u015fleme \u015fartlar\u0131na ve istisnalar\u0131na uygun olarak i\u015fbu Ayd\u0131nlatma Metni\u2019nde belirtilen ama\u00e7larla da i\u015flenebilmektedir.<\/p><p><strong> Veri \u0130\u015fleyene ve Veri Sorumlusuna Ba\u015fvuru Yollar\u0131<\/strong><\/p><p>Kanun\u2019un 11. maddesi uyar\u0131nca, Kurumumuza ba\u015fvurarak, ki\u015fisel verilerinizin; a) i\u015flenip i\u015flenmedi\u011fini \u00f6\u011frenme, b) i\u015flenmi\u015fse bilgi talep etme, c) i\u015flenme amac\u0131n\u0131 ve amac\u0131na uygun kullan\u0131l\u0131p kullan\u0131lmad\u0131\u011f\u0131n\u0131 \u00f6\u011frenme, d) yurt i\u00e7inde \/ yurt d\u0131\u015f\u0131nda transfer edildi\u011fi taraflar\u0131 \u00f6\u011frenme, e) eksik \/ yanl\u0131\u015f i\u015flenmi\u015fse d\u00fczeltilmesini isteme, f) Kanun\u2019un 7. maddesinde \u00f6ng\u00f6r\u00fclen \u015fartlar \u00e7er\u00e7evesinde silinmesini \/ yok edilmesini isteme, g) aktar\u0131ld\u0131\u011f\u0131 3. ki\u015filere yukar\u0131da say\u0131lan (e) ve (f) bentleri uyar\u0131nca yap\u0131lan i\u015flemlerin bildirilmesini isteme, h) m\u00fcnhas\u0131ran otomatik sistemler ile analiz edilmesi nedeniyle aleyhinize bir sonucun ortaya \u00e7\u0131kmas\u0131na itiraz etme, i) kanuna ayk\u0131r\u0131 olarak i\u015flenmesi sebebiyle zarara u\u011framan\u0131z h\u00e2linde zarar\u0131n giderilmesini talep etme hakk\u0131na sahipsiniz.<\/p><p>Bilgi ve ba\u015fvuru taleplerinizi e-posta yoluyla veya uzaktan e\u011fitim sisteminde profil sayfan\u0131zda yer alan &#8220;gizlilik g\u00f6revlisine ba\u015fvurun&#8221; butonuyla yapabilirsiniz.\u00a0<\/p><p>Kurumumuz taleplerinizi, talebin niteli\u011fine g\u00f6re en k\u0131sa s\u00fcrede ve en ge\u00e7 otuz g\u00fcn i\u00e7inde \u00fccretsiz olarak sonu\u00e7land\u0131r\u0131r. Ancak, i\u015flemin ayr\u0131ca bir maliyeti gerektirmesi h\u00e2linde, \u00fccret al\u0131nabilir. Kurumumuz talebi kabul edip i\u015fleme koyabilir veya gerek\u00e7esini a\u00e7\u0131klayarak talebi yaz\u0131l\u0131 usulle reddedebilir.<\/p><p><strong> Veri \u0130\u015fleme S\u00fcrecine \u0130li\u015fkin Haklar\u0131n\u0131z<\/strong><\/p><p>Yukar\u0131da belirtilen prosed\u00fcr takip edilerek ger\u00e7ekle\u015ftirilen ba\u015fvurunun reddedilmesi, verilen cevab\u0131n yetersiz bulunmas\u0131 veya s\u00fcresinde ba\u015fvuruya cevap verilmemesi h\u00e2llerinde; cevab\u0131n tebli\u011fini takiben otuz ve herh\u00e2lde ba\u015fvuru tarihinden itibaren altm\u0131\u015f g\u00fcn i\u00e7inde Ki\u015fisel Verileri Koruma Kurulu\u2019na (\u201cKurul\u201d) \u015fik\u00e2yette bulunma hakk\u0131 mevcuttur. Ancak ba\u015fvuru yolu t\u00fcketilmeden \u015fik\u00e2yet yoluna ba\u015fvurulamaz.<\/p><p>Kurul, \u015fik\u00e2yet \u00fczerine veya ihlal iddias\u0131n\u0131 \u00f6\u011frenmesi durumunda resen, g\u00f6rev alan\u0131na giren konularda gerekli incelemeyi yapar. \u015eik\u00e2yet \u00fczerine Kurul, talebi inceleyerek ilgililere bir cevap verir. \u015eik\u00e2yet tarihinden itibaren altm\u0131\u015f g\u00fcn i\u00e7inde cevap verilmezse talep reddedilmi\u015f say\u0131l\u0131r. \u015eik\u00e2yet \u00fczerine veya resen yap\u0131lan inceleme sonucunda, ihlalin varl\u0131\u011f\u0131n\u0131n anla\u015f\u0131lmas\u0131 h\u00e2linde Kurul, tespit etti\u011fi hukuka ayk\u0131r\u0131l\u0131klar\u0131n veri sorumlusu taraf\u0131ndan giderilmesine karar vererek ilgililere tebli\u011f eder. Bu karar, tebli\u011fden itibaren gecikmeksizin ve en ge\u00e7 otuz g\u00fcn i\u00e7inde yerine getirilir. Kurul, telafisi g\u00fc\u00e7 veya imk\u00e2ns\u0131z zararlar\u0131n do\u011fmas\u0131 ve a\u00e7\u0131k\u00e7a hukuka ayk\u0131r\u0131l\u0131k olmas\u0131 h\u00e2linde, veri i\u015flenmesinin veya verinin yurt d\u0131\u015f\u0131na aktar\u0131lmas\u0131n\u0131n durdurulmas\u0131na karar verebilir.<\/p><p>KVKK y\u00fcr\u00fcrl\u00fc\u011fe girmeden \u00f6nce elde edilen ki\u015fisel verileriniz KVKK\u2019nin y\u00fcr\u00fcrl\u00fck tarihi olan 7 Nisan 2016 tarihinden \u00f6nce, \u00fcyelik, elektronik ileti izni, \u00fcr\u00fcn \/ hizmet sat\u0131n alma ve di\u011fer \u015fekillerde hukuka uygun olarak elde edilmi\u015f olan ki\u015fisel verileriniz de bu belgede d\u00fczenlenen \u015fart ve ko\u015fullara uygun olarak i\u015flenmekte ve muhafaza edilmektedir.<\/p><p>Verilerinizin Kurumumuz nezdinde hassasiyetle korundu\u011funu belirtir bize duydu\u011funuz g\u00fcven i\u00e7in te\u015fekk\u00fcr ederiz.<\/p><p><strong> Kredi Kart\u0131 G\u00fcvenli\u011fi<\/strong><\/p><p>Kurumumuz, sitemizden al\u0131\u015fveri\u015f yapan kredi kart\u0131 sahiplerinin g\u00fcvenli\u011fini ilk planda tutmaktad\u0131r. Kredi kart\u0131 bilgileriniz hi\u00e7bir \u015fekilde sistemimizde saklanmamaktad\u0131r.<\/p><p>\u0130\u015flemler s\u00fcrecine girdi\u011finizde g\u00fcvenli bir sitede oldu\u011funuzu anlamak i\u00e7in dikkat etmeniz gereken iki \u015fey vard\u0131r. Bunlardan biri taray\u0131c\u0131n\u0131z\u0131n en alt sat\u0131r\u0131nda bulunan bir anahtar ya da kilit simgesidir. Bu g\u00fcvenli bir internet sayfas\u0131nda oldu\u011funuzu g\u00f6sterir ve her t\u00fcrl\u00fc bilgileriniz \u015fifrelenerek korunur. Bu bilgiler, ancak sat\u0131\u015f i\u015flemleri s\u00fcrecine ba\u011fl\u0131 olarak ve verdi\u011finiz talimat istikametinde kullan\u0131l\u0131r. Al\u0131\u015fveri\u015f s\u0131ras\u0131nda kullan\u0131lan kredi kart\u0131 ile ilgili bilgiler al\u0131\u015fveri\u015f sitelerimizden ba\u011f\u0131ms\u0131z olarak 128 bit SSL (Secure Sockets Layer) protokol\u00fc ile \u015fifrelenip sorgulanmak \u00fczere ilgili bankaya ula\u015ft\u0131r\u0131l\u0131r. Kart\u0131n kullan\u0131labilirli\u011fi onayland\u0131\u011f\u0131 takdirde al\u0131\u015fveri\u015fe devam edilir. Kartla ilgili hi\u00e7bir bilgi taraf\u0131m\u0131zdan g\u00f6r\u00fcnt\u00fclenemedi\u011finden ve kaydedilmedi\u011finden, \u00fc\u00e7\u00fcnc\u00fc \u015fah\u0131slar\u0131n herhangi bir ko\u015fulda bu bilgileri ele ge\u00e7irmesi engellenmi\u015f olur.<\/p><p>Online olarak kredi kart\u0131 ile verilen sipari\u015flerin \u00f6deme\/fatura\/teslimat adresi bilgilerinin g\u00fcvenilirli\u011fi Kurumumuz taraf\u0131ndan Kredi Kartlar\u0131 Doland\u0131r\u0131c\u0131l\u0131\u011f\u0131&#8217;na kar\u015f\u0131 denetlenmektedir. Bu y\u00fczden, al\u0131\u015fveri\u015f sitelerimizden ilk defa sipari\u015f veren m\u00fc\u015fterilerin sipari\u015flerinin tedarik ve teslimat a\u015famas\u0131na gelebilmesi i\u00e7in \u00f6ncelikle finansal ve adres\/telefon bilgilerinin do\u011frulu\u011funun onaylanmas\u0131 gereklidir. Bu bilgilerin kontrol\u00fc i\u00e7in gerekirse kredi kart\u0131 sahibi m\u00fc\u015fteri ile veya ilgili banka ile irtibata ge\u00e7ilmektedir.<\/p><p>\u00dcye olurken verdi\u011finiz t\u00fcm bilgilere sadece siz ula\u015fabilir ve siz de\u011fi\u015ftirebilirsiniz. \u00dcye giri\u015f bilgilerinizi g\u00fcvenli korudu\u011funuz takdirde ba\u015fkalar\u0131n\u0131n sizinle ilgili bilgilere ula\u015fmas\u0131 ve bunlar\u0131 de\u011fi\u015ftirmesi m\u00fcmk\u00fcn de\u011fildir. Bu ama\u00e7la, \u00fcyelik i\u015flemleri s\u0131ras\u0131nda 128 bit SSL g\u00fcvenlik alan\u0131 i\u00e7inde hareket edilir. Bu sistem k\u0131r\u0131lmas\u0131 m\u00fcmk\u00fcn olmayan bir uluslararas\u0131 bir \u015fifreleme standard\u0131d\u0131r.<\/p><p><strong> \u00dc\u00e7\u00fcnc\u00fc Taraf Web Siteleri ve Uygulamalar<\/strong><\/p><p>Kurumumuz, web sitesi d\u00e2hilinde ba\u015fka sitelere link verebilir. Bu linkler vas\u0131tas\u0131yla eri\u015filen sitelerin gizlilik uygulamalar\u0131 ve i\u00e7eriklerine y\u00f6nelik herhangi bir sorumluluk ta\u015f\u0131mamaktad\u0131r.<\/p><p><strong> \u0130stisnai Haller<\/strong><\/p><p>A\u015fa\u011f\u0131da belirtilen s\u0131n\u0131rl\u0131 hallerde kurumumuz, i\u015fbu &#8220;Gizlilik Politikas\u0131&#8221; h\u00fck\u00fcmleri d\u0131\u015f\u0131nda kullan\u0131c\u0131lara ait bilgileri \u00fc\u00e7\u00fcnc\u00fc ki\u015filere a\u00e7\u0131klayabilir. Bu durumlar s\u0131n\u0131rl\u0131 say\u0131da olmak \u00fczere;<\/p><ol><li>Kanun, Kanun H\u00fckm\u00fcnde Kararname, Y\u00f6netmelik vb. yetkili hukuki otorite taraf\u0131ndan \u00e7\u0131kar\u0131lan ve y\u00fcr\u00fcrl\u00fckte olan hukuk kurallar\u0131n\u0131n getirdi\u011fi zorunluluklara uymak;<\/li><li>Kurumumuzun kullan\u0131c\u0131larla akdetti\u011fi \u00dcyelik S\u00f6zle\u015fmesi\u2019nin ve di\u011fer s\u00f6zle\u015fmelerin gereklerini yerine getirmek ve bunlar\u0131 uygulamaya koymak amac\u0131yla;<\/li><li>Yetkili idari ve adli otorite taraf\u0131ndan usul\u00fcne g\u00f6re y\u00fcr\u00fct\u00fclen bir ara\u015ft\u0131rma veya soru\u015fturman\u0131n y\u00fcr\u00fct\u00fcm\u00fc amac\u0131yla kullan\u0131c\u0131larla ilgili bilgi talep edilmesi;<\/li><li>Kullan\u0131c\u0131lar\u0131n haklar\u0131 veya g\u00fcvenliklerini korumak i\u00e7in bilgi vermenin gerekli oldu\u011fu hallerdir.\u00a0<\/li><\/ol><p><strong> E-posta G\u00fcvenli\u011fi<\/strong><\/p><p>Kurumumuz\u00a0M\u00fc\u015fteri Hizmetleri\u2019ne, herhangi bir sipari\u015finizle ilgili olarak g\u00f6nderece\u011finiz e-postalarda, asla kredi kart\u0131 numaran\u0131z\u0131 veya \u015fifrelerinizi yazmay\u0131n\u0131z.\u00a0<\/p><p><strong> Taray\u0131c\u0131 \u00c7erezleri<\/strong><\/p><p>Kurumumuz, sitemizi ziyaret eden kullan\u0131c\u0131lar ve kullan\u0131c\u0131lar\u0131n web sitesini kullan\u0131m\u0131 hakk\u0131ndaki bilgileri teknik bir ileti\u015fim dosyalar\u0131 (\u00c7erezler-Cookies) kullanarak elde edebilir. Bahsi ge\u00e7en teknik ileti\u015fim dosyalar\u0131, ana bellekte saklanmak \u00fczere bir internet sitesinin kullan\u0131c\u0131n\u0131n taray\u0131c\u0131s\u0131na (browser) g\u00f6nderdi\u011fi k\u00fc\u00e7\u00fck metin dosyalar\u0131d\u0131r. Teknik ileti\u015fim dosyas\u0131 site hakk\u0131nda durum ve tercihleri saklayarak \u0130nternet&#8217;in kullan\u0131m\u0131n\u0131 kolayla\u015ft\u0131r\u0131r.<\/p><p>Teknik ileti\u015fim dosyas\u0131, siteyi ka\u00e7 ki\u015finin ziyaret etti\u011fini, bir ki\u015finin siteyi hangi ama\u00e7la, ka\u00e7 kez ziyaret etti\u011fini ve ne kadar sitede kald\u0131klar\u0131 hakk\u0131nda istatistiksel bilgileri elde etmeye ve kullan\u0131c\u0131lar i\u00e7in \u00f6zel tasarlanm\u0131\u015f kullan\u0131c\u0131 sayfalar\u0131ndan dinamik olarak reklam ve i\u00e7erik \u00fcretilmesine yard\u0131mc\u0131 olur. Teknik ileti\u015fim dosyas\u0131, ana bellekte veya e-postan\u0131zdan veri veya ba\u015fkaca herhangi bir ki\u015fisel bilgi almak i\u00e7in tasarlanmam\u0131\u015ft\u0131r. Taray\u0131c\u0131lar\u0131n pek \u00e7o\u011fu ba\u015fta teknik ileti\u015fim dosyas\u0131n\u0131 kabul eder bi\u00e7imde tasarlanm\u0131\u015ft\u0131r ancak kullan\u0131c\u0131lar dilerse teknik ileti\u015fim dosyas\u0131n\u0131n gelmemesi veya teknik ileti\u015fim dosyas\u0131n\u0131n g\u00f6nderildi\u011finde uyar\u0131 verilmesini sa\u011flayacak bi\u00e7imde ayarlar\u0131 de\u011fi\u015ftirebilirler.<\/p><p>Kurumumuz, i\u015fbu &#8220;Gizlilik Politikas\u0131&#8221; h\u00fck\u00fcmlerini diledi\u011fi zaman sitede yay\u0131nlamak veya kullan\u0131c\u0131lara elektronik posta g\u00f6ndermek veya sitesinde yay\u0131nlamak suretiyle de\u011fi\u015ftirebilir. Gizlilik Politikas\u0131 h\u00fck\u00fcmleri de\u011fi\u015fti\u011fi takdirde, yay\u0131nland\u0131\u011f\u0131 tarihte y\u00fcr\u00fcrl\u00fck kazan\u0131r.<\/p><p>Gizlilik politikam\u0131z ile ilgili her t\u00fcrl\u00fc soru ve \u00f6nerileriniz i\u00e7in info[at]northmotion.com adresine e-posta g\u00f6nderebilirsiniz. North Motion\u2019a ait a\u015fa\u011f\u0131daki ileti\u015fim bilgilerinden ula\u015fabilirsiniz.<\/p><p><strong>Tescil Edilmi\u015f Marka Ad\u0131:<\/strong> North Motion<\/p><p><strong>Adres:<\/strong>\u00a0Cumhuriyet Mah. 20. Sok. No:27\/2 Atakum &#8211; Samsun<\/p><p><strong>Eposta:<\/strong> info[at]northmotion.com<\/p>\t\t\t\t\t\t\t\t<\/div>\n\t\t\t\t<\/div>\n\t\t\t\t\t<\/div>\n\t\t<\/div>\n\t\t\t\t\t<\/div>\n\t\t<\/section>\n\t\t\t\t<\/div>\n\t\t","protected":false},"excerpt":{"rendered":"<p>Privacy Policy Bu politika gizlilik ve g\u00fcvenli\u011fin sa\u011flanmas\u0131 amac\u0131yla olu\u015fturulmu\u015ftur. Gizlilik Politikas\u0131 ve Ayd\u0131nlatma Metninde, ki\u015fisel verilerinizin, 6698 say\u0131l\u0131 Ki\u015fisel Verilerin Korunmas\u0131 Kanunu ve ilgili mevzuata uygun olarak, veri sorumlusu North Motion (\u201cKurum\u201d) nezdinde i\u015flenmesine ili\u015fkin olarak olu\u015fturulmu\u015ftur. KVKK kapsam\u0131nda Veri Sorumlusu ve Gizlilik Temsilcisi Ki\u015fisel verileriniz mevcut teknolojinin gerekleri uyar\u0131nca veri sorumlusu North Motion [&hellip;]<\/p>\n","protected":false},"author":1,"featured_media":0,"parent":0,"menu_order":0,"comment_status":"closed","ping_status":"closed","template":"elementor_header_footer","meta":{"footnotes":""},"class_list":["post-8465","page","type-page","status-publish","hentry"],"_links":{"self":[{"href":"http:\/\/northmotion.com\/en\/wp-json\/wp\/v2\/pages\/8465\/"}],"collection":[{"href":"http:\/\/northmotion.com\/en\/wp-json\/wp\/v2\/pages\/"}],"about":[{"href":"http:\/\/northmotion.com\/en\/wp-json\/wp\/v2\/types\/page\/"}],"author":[{"embeddable":true,"href":"http:\/\/northmotion.com\/en\/wp-json\/wp\/v2\/users\/1\/"}],"replies":[{"embeddable":true,"href":"http:\/\/northmotion.com\/en\/wp-json\/wp\/v2\/comments\/?post=8465"}],"version-history":[{"count":22,"href":"http:\/\/northmotion.com\/en\/wp-json\/wp\/v2\/pages\/8465\/revisions\/"}],"predecessor-version":[{"id":9161,"href":"http:\/\/northmotion.com\/en\/wp-json\/wp\/v2\/pages\/8465\/revisions\/9161\/"}],"wp:attachment":[{"href":"http:\/\/northmotion.com\/en\/wp-json\/wp\/v2\/media\/?parent=8465"}],"curies":[{"name":"wp","href":"https:\/\/api.w.org\/{rel}","templated":true}]}}