{"id":8460,"date":"2020-11-12T18:47:49","date_gmt":"2020-11-12T15:47:49","guid":{"rendered":"http:\/\/northmotion.com\/?page_id=8460"},"modified":"2020-11-19T14:14:41","modified_gmt":"2020-11-19T11:14:41","slug":"delivery-and-return","status":"publish","type":"page","link":"http:\/\/northmotion.com\/en\/delivery-and-return\/","title":{"rendered":"Delivery and Return"},"content":{"rendered":"\t\t<div data-elementor-type=\"wp-page\" data-elementor-id=\"8460\" class=\"elementor elementor-8460\">\n\t\t\t\t\t\t<section class=\"elementor-section elementor-top-section elementor-element elementor-element-a175410 elementor-section-content-middle elementor-section-items-bottom elementor-section-height-min-height elementor-section-boxed elementor-section-height-default\" data-id=\"a175410\" data-element_type=\"section\" data-settings=\"{&quot;background_background&quot;:&quot;classic&quot;}\">\n\t\t\t\t\t\t<div class=\"elementor-container elementor-column-gap-wider\">\n\t\t\t\t\t<div class=\"elementor-column elementor-col-100 elementor-top-column elementor-element elementor-element-15ce994\" data-id=\"15ce994\" data-element_type=\"column\">\n\t\t\t<div class=\"elementor-widget-wrap elementor-element-populated\">\n\t\t\t\t\t\t<div class=\"elementor-element elementor-element-087d177 elementor-invisible elementor-widget elementor-widget-image\" data-id=\"087d177\" data-element_type=\"widget\" data-settings=\"{&quot;_animation&quot;:&quot;fadeInUp&quot;}\" data-widget_type=\"image.default\">\n\t\t\t\t<div class=\"elementor-widget-container\">\n\t\t\t\t\t\t\t\t\t\t\t\t\t\t\t<img decoding=\"async\" src=\"http:\/\/northmotion.com\/wp-content\/uploads\/elementor\/thumbs\/Icon-ojdvtul26e8n9928igqkfu0k5fam0vhb1yqm9ecrq0.png\" title=\"\" alt=\"\" loading=\"lazy\" \/>\t\t\t\t\t\t\t\t\t\t\t\t\t\t\t<\/div>\n\t\t\t\t<\/div>\n\t\t\t\t<div class=\"elementor-element elementor-element-a030ab7 elementor-invisible elementor-widget elementor-widget-heading\" data-id=\"a030ab7\" data-element_type=\"widget\" data-settings=\"{&quot;_animation&quot;:&quot;fadeInUp&quot;}\" data-widget_type=\"heading.default\">\n\t\t\t\t<div class=\"elementor-widget-container\">\n\t\t\t\t\t<h2 class=\"elementor-heading-title elementor-size-default\">Delivery and Return<\/h2>\t\t\t\t<\/div>\n\t\t\t\t<\/div>\n\t\t\t\t<div class=\"elementor-element elementor-element-e995008 elementor-invisible elementor-widget elementor-widget-text-editor\" data-id=\"e995008\" data-element_type=\"widget\" data-settings=\"{&quot;_animation&quot;:&quot;fadeInUp&quot;}\" data-widget_type=\"text-editor.default\">\n\t\t\t\t<div class=\"elementor-widget-container\">\n\t\t\t\t\t\t\t\t\t<ol><li>Kullanmakta oldu\u011funuz web sitesi \u00fczerinden elektronik ortamda sipari\u015f verdi\u011finiz takdirde, size sunulan \u00f6n bilgilendirme formunu ve mesafeli sat\u0131\u015f s\u00f6zle\u015fmesini kabul etmi\u015f say\u0131l\u0131rs\u0131n\u0131z.<\/li><li>Al\u0131c\u0131lar, sat\u0131n ald\u0131klar\u0131 \u00fcr\u00fcn\u00fcn sat\u0131\u015f ve teslimi ile ilgili olarak 6502 say\u0131l\u0131 T\u00fcketicinin Korunmas\u0131 Hakk\u0131nda Kanun ve Mesafeli S\u00f6zle\u015fmeler Y\u00f6netmeli\u011fi (RG:27.11.2014\/29188) h\u00fck\u00fcmleri ile y\u00fcr\u00fcrl\u00fckteki di\u011fer yasalara tabidir.\u00a0<\/li><li>\u00dcr\u00fcn sevkiyat masraf\u0131 olan kargo \u00fccretleri al\u0131c\u0131lar taraf\u0131ndan \u00f6denecektir. Sitemizde kargo dahil \u00f6deme yaparak kargo \u00fccretini \u00f6nceden \u00f6deyebilirsiniz.<\/li><li>Sat\u0131n al\u0131nan her bir \u00fcr\u00fcn ya da hizmet, 30 g\u00fcnl\u00fck yasal s\u00fcreyi a\u015fmamak kayd\u0131 ile al\u0131c\u0131n\u0131n g\u00f6sterdi\u011fi adresteki ki\u015fi ve\/veya kurulu\u015fa teslim edilir. Bu s\u00fcre i\u00e7inde \u00fcr\u00fcn teslim edilmez ise al\u0131c\u0131\u00a0s\u00f6zle\u015fmeyi sona erdirebilir. Etkinlikler i\u00e7in yap\u0131lan \u00f6demelerde firma etkinli\u011fi erteledi\u011finde iptal i\u015flemi al\u0131c\u0131 taraf\u0131ndan yap\u0131labilir.<\/li><li>Sat\u0131n al\u0131nan hizmet veya \u00fcr\u00fcn, eksiksiz ve \u00fcr\u00fcn sayfas\u0131nda belirtilen niteliklere uygun teslim edilmek zorundad\u0131r.\u00a0<\/li><li>Sat\u0131n al\u0131nan \u00fcr\u00fcn veya hizmetin\u00a0sat\u0131lmas\u0131n\u0131n imkans\u0131zla\u015fmas\u0131 durumunda, sat\u0131c\u0131 bu durumu \u00f6\u011frendi\u011finden itibaren 3 g\u00fcn i\u00e7inde yaz\u0131l\u0131 olarak al\u0131c\u0131ya bu durumu bildirmek zorundad\u0131r. 14 g\u00fcn i\u00e7inde de toplam bedel al\u0131c\u0131ya iade edilmek zorundad\u0131r.<\/li><li>Al\u0131c\u0131, sat\u0131n ald\u0131\u011f\u0131 \u00fcr\u00fcn bedelini \u00f6demez veya banka kay\u0131tlar\u0131nda iptal ederse, Sat\u0131c\u0131n\u0131n \u00fcr\u00fcn\u00fc teslim y\u00fck\u00fcml\u00fcl\u00fc\u011f\u00fc sona erer.<\/li><li>\u00dcr\u00fcn teslim edildikten sonra, al\u0131c\u0131n\u0131n \u00f6deme yapt\u0131\u011f\u0131 kredi kart\u0131n\u0131n yetkisiz ki\u015filer taraf\u0131ndan haks\u0131z olarak kullan\u0131ld\u0131\u011f\u0131 tespit edilirse ve sat\u0131lan \u00fcr\u00fcn bedeli ilgili banka veya finans kurulu\u015fu taraf\u0131ndan Sat\u0131c\u0131&#8217;ya \u00f6denmez ise, Al\u0131c\u0131, s\u00f6zle\u015fme konusu \u00fcr\u00fcn\u00fc 3 g\u00fcn i\u00e7erisinde nakliye gideri SATICI\u2019ya ait olacak \u015fekilde SATICI\u2019ya iade etmek zorundad\u0131r.<\/li><li>Al\u0131c\u0131, s\u00f6zle\u015fme konusu mal\/hizmeti teslim almadan \u00f6nce kontrol edecek; ezik, k\u0131r\u0131k, ambalaj\u0131 y\u0131rt\u0131lm\u0131\u015f vb. hasarl\u0131 ve ay\u0131pl\u0131 mal\/hizmeti kargo \u015firketinden teslim almayacakt\u0131r. Teslim al\u0131nan mal\/hizmetin hasars\u0131z ve sa\u011flam oldu\u011fu kabul edilecektir. ALICI, Teslimden sonra mal\/hizmeti \u00f6zenle korunmak zorundad\u0131r. Cayma hakk\u0131 kullan\u0131lacaksa mal\/hizmet kullan\u0131lmamal\u0131d\u0131r. \u00dcr\u00fcnle birlikte Fatura da iade edilmelidir.<\/li><li>Sipari\u015f \u00fczerine ki\u015fiye \u00f6zel olarak haz\u0131rlanan \u00fcr\u00fcnler (al\u0131c\u0131 ad\u0131na d\u00fczenlenmi\u015f sertifika vb)\u00a0hari\u00e7 olmak \u00fczere ALICI; sat\u0131n ald\u0131\u011f\u0131 \u00fcr\u00fcn\u00fcn kendisine veya g\u00f6sterdi\u011fi adresteki ki\u015fi\/kurulu\u015fa teslim tarihinden itibaren 14 (on d\u00f6rt) g\u00fcn i\u00e7erisinde, SATICI\u2019ya a\u015fa\u011f\u0131daki ileti\u015fim bilgileri \u00fczerinden bildirmek \u015fart\u0131yla hi\u00e7bir hukuki ve cezai sorumluluk \u00fcstlenmeksizin ve hi\u00e7bir gerek\u00e7e g\u00f6stermeksizin mal\u0131 reddederek s\u00f6zle\u015fmeden cayma hakk\u0131n\u0131 kullanabilir.<\/li><li>Al\u0131c\u0131 sat\u0131n ald\u0131\u011f\u0131 herhangi bir e\u011fitime ba\u015flamadan iade hakk\u0131n\u0131 kullanabilir. Sat\u0131n alma i\u015flemi sonras\u0131 e\u011fitim sayfas\u0131na girdiyse (log kay\u0131tlar\u0131yla tespit edilmektedir) hizmeti iade edemez. Hizmet kullan\u0131lmadan \u00f6nce iade hakk\u0131 her zaman sakl\u0131d\u0131r.<\/li><li>\u00a0Al\u0131c\u0131, sat\u0131n ald\u0131\u011f\u0131 e\u011fer bir hizmet\u00a0ise ve hizmet kullan\u0131lmad\u0131ysa\u00a0bu 14 g\u00fcnl\u00fck s\u00fcre s\u00f6zle\u015fmenin imzaland\u0131\u011f\u0131 tarihten itibaren ba\u015flar. Cayma hakk\u0131 s\u00fcresi sona ermeden \u00f6nce, t\u00fcketicinin onay\u0131 ile hizmetin ifas\u0131na ba\u015flanan hizmet s\u00f6zle\u015fmelerinde cayma hakk\u0131 kullan\u0131lamaz.<\/li><li>Cayma hakk\u0131n\u0131n kullan\u0131m\u0131ndan kaynaklanan masraflar SATICI\u2019 ya aittir.<\/li><li>Cayma hakk\u0131n\u0131n kullan\u0131lmas\u0131 i\u00e7in 14 (ond\u00f6rt) g\u00fcnl\u00fck s\u00fcre i\u00e7inde SATICI&#8217; ya iadeli taahh\u00fctl\u00fc posta, faks veya eposta ile yaz\u0131l\u0131 bildirimde bulunulmas\u0131 ve \u00fcr\u00fcn\u00fcn i\u015fbu s\u00f6zle\u015fmede d\u00fczenlenen &#8220;Cayma Hakk\u0131 Kullan\u0131lamayacak \u00dcr\u00fcnler&#8221; h\u00fck\u00fcmleri \u00e7er\u00e7evesinde kullan\u0131lmam\u0131\u015f olmas\u0131 \u015fartt\u0131r.\u00a0<\/li><li>3. ki\u015fiye veya ALICI\u2019 ya teslim edilen \u00fcr\u00fcn\u00fcn faturas\u0131, (\u0130ade edilmek istenen \u00fcr\u00fcn\u00fcn faturas\u0131 kurumsal ise, iade ederken kurumun d\u00fczenlemi\u015f oldu\u011fu iade faturas\u0131 ile birlikte g\u00f6nderilmesi gerekmektedir. Faturas\u0131 kurumlar ad\u0131na d\u00fczenlenen sipari\u015f iadeleri \u0130ADE FATURASI kesilmedi\u011fi takdirde tamamlanamayacakt\u0131r.)<\/li><li>SATICI, cayma bildiriminin kendisine ula\u015fmas\u0131ndan itibaren en ge\u00e7 10 g\u00fcnl\u00fck s\u00fcre i\u00e7erisinde toplam bedeli ve ALICI\u2019y\u0131 bor\u00e7 alt\u0131na sokan belgeleri ALICI\u2019 ya iade etmek ve 20 g\u00fcnl\u00fck s\u00fcre i\u00e7erisinde mal\u0131 veya hizmeti iade almakla y\u00fck\u00fcml\u00fcd\u00fcr.<\/li><li>ALICI\u2019 n\u0131n kusurundan kaynaklanan bir nedenle mal\u0131n de\u011ferinde bir azalma olursa veya iade imk\u00e2ns\u0131zla\u015f\u0131rsa ALICI kusuru oran\u0131nda SATICI\u2019 n\u0131n zararlar\u0131n\u0131 tazmin etmekle y\u00fck\u00fcml\u00fcd\u00fcr. Ancak cayma hakk\u0131 s\u00fcresi i\u00e7inde mal\u0131n veya \u00fcr\u00fcn\u00fcn usul\u00fcne uygun kullan\u0131lmas\u0131 sebebiyle meydana gelen de\u011fi\u015fiklik ve bozulmalardan ALICI sorumlu de\u011fildir.<\/li><li>Cayma hakk\u0131n\u0131n kullan\u0131lmas\u0131 nedeniyle SATICI taraf\u0131ndan d\u00fczenlenen kampanya limit tutar\u0131n\u0131n alt\u0131na d\u00fc\u015f\u00fclmesi halinde kampanya kapsam\u0131nda faydalan\u0131lan indirim miktar\u0131 iptal edilir.<\/li><li>ALICI\u2019n\u0131n iste\u011fi veya a\u00e7\u0131k\u00e7a ki\u015fisel ihtiya\u00e7lar\u0131 do\u011frultusunda haz\u0131rlanan ve geri g\u00f6nderilmeye m\u00fcsait olmayan mallar, Elektronik ortamda an\u0131nda ifa edilen hizmetler veya t\u00fcketiciye an\u0131nda teslim edilen gayrimaddi mallar, ile ses veya g\u00f6r\u00fcnt\u00fc kay\u0131tlar\u0131n\u0131n, kitap, dijital i\u00e7erik, yaz\u0131l\u0131m programlar\u0131n\u0131n, veri kaydedebilme ve veri depolama cihazlar\u0131n\u0131n, bilgisayar sarf malzemelerinin, ambalaj\u0131n\u0131n ALICI taraf\u0131ndan a\u00e7\u0131lm\u0131\u015f olmas\u0131 halinde iadesi Y\u00f6netmelik gere\u011fi m\u00fcmk\u00fcn de\u011fildir. Ayr\u0131ca Cayma hakk\u0131 s\u00fcresi sona ermeden \u00f6nce, t\u00fcketicinin onay\u0131 ile ifas\u0131na ba\u015flanan hizmetlere ili\u015fkin cayma hakk\u0131n\u0131n kullan\u0131lmas\u0131 da Y\u00f6netmelik gere\u011fi m\u00fcmk\u00fcn de\u011fildir.<\/li><\/ol><p><strong>Temerr\u00fct Hali ve Hukuki Sonu\u00e7lar\u0131<\/strong><\/p><ol><li>ALICI, \u00f6deme i\u015flemlerini\u00a0kredi kart\u0131 ile yapt\u0131\u011f\u0131 durumda temerr\u00fcde d\u00fc\u015ft\u00fc\u011f\u00fc takdirde, kart sahibi banka ile aras\u0131ndaki kredi kart\u0131 s\u00f6zle\u015fmesi \u00e7er\u00e7evesinde faiz \u00f6deyece\u011fini ve bankaya kar\u015f\u0131 sorumlu olaca\u011f\u0131n\u0131 kabul, beyan ve taahh\u00fct eder. Bu durumda ilgili banka hukuki yollara ba\u015fvurabilir; do\u011facak masraflar\u0131 ve vek\u00e2let \u00fccretini ALICI\u2019dan talep edebilir ve her ko\u015fulda ALICI\u2019n\u0131n borcundan dolay\u0131 temerr\u00fcde d\u00fc\u015fmesi halinde, ALICI, borcun gecikmeli ifas\u0131ndan dolay\u0131 SATICI\u2019n\u0131n u\u011frad\u0131\u011f\u0131 zarar ve ziyan\u0131n\u0131 \u00f6deyece\u011fini kabul eder.\u00a0<\/li><\/ol><p><strong>\u00d6deme ve Teslimat<\/strong><\/p><ol><li>Banka Havalesi veya EFT (Elektronik Fon Transferi) yaparak, QNB Finansbank bankas\u0131 hesaplar\u0131m\u0131zdan (TL) herhangi birine yapabilirsiniz.<\/li><li>Sitemiz \u00fczerinden kredi kartlar\u0131n\u0131z ile, Her t\u00fcrl\u00fc kredi kart\u0131n\u0131za online tek \u00f6deme ya da online taksit imk\u00e2nlar\u0131ndan yararlanabilirsiniz. Online \u00f6demelerinizde sipari\u015finiz sonunda kredi kart\u0131n\u0131zdan tutar \u00e7ekim i\u015flemi ger\u00e7ekle\u015fecektir.<\/li><\/ol><p>Cayma hakk\u0131 i\u00e7in ileti\u015fime ge\u00e7ebilirsiniz: info[at]northmotion.com<\/p><p>\u00a0<\/p>\t\t\t\t\t\t\t\t<\/div>\n\t\t\t\t<\/div>\n\t\t\t\t\t<\/div>\n\t\t<\/div>\n\t\t\t\t\t<\/div>\n\t\t<\/section>\n\t\t\t\t<\/div>\n\t\t","protected":false},"excerpt":{"rendered":"<p>Delivery and Return Kullanmakta oldu\u011funuz web sitesi \u00fczerinden elektronik ortamda sipari\u015f verdi\u011finiz takdirde, size sunulan \u00f6n bilgilendirme formunu ve mesafeli sat\u0131\u015f s\u00f6zle\u015fmesini kabul etmi\u015f say\u0131l\u0131rs\u0131n\u0131z. Al\u0131c\u0131lar, sat\u0131n ald\u0131klar\u0131 \u00fcr\u00fcn\u00fcn sat\u0131\u015f ve teslimi ile ilgili olarak 6502 say\u0131l\u0131 T\u00fcketicinin Korunmas\u0131 Hakk\u0131nda Kanun ve Mesafeli S\u00f6zle\u015fmeler Y\u00f6netmeli\u011fi (RG:27.11.2014\/29188) h\u00fck\u00fcmleri ile y\u00fcr\u00fcrl\u00fckteki di\u011fer yasalara tabidir.\u00a0 \u00dcr\u00fcn sevkiyat masraf\u0131 [&hellip;]<\/p>\n","protected":false},"author":1,"featured_media":0,"parent":0,"menu_order":0,"comment_status":"closed","ping_status":"closed","template":"elementor_header_footer","meta":{"footnotes":""},"class_list":["post-8460","page","type-page","status-publish","hentry"],"_links":{"self":[{"href":"http:\/\/northmotion.com\/en\/wp-json\/wp\/v2\/pages\/8460\/"}],"collection":[{"href":"http:\/\/northmotion.com\/en\/wp-json\/wp\/v2\/pages\/"}],"about":[{"href":"http:\/\/northmotion.com\/en\/wp-json\/wp\/v2\/types\/page\/"}],"author":[{"embeddable":true,"href":"http:\/\/northmotion.com\/en\/wp-json\/wp\/v2\/users\/1\/"}],"replies":[{"embeddable":true,"href":"http:\/\/northmotion.com\/en\/wp-json\/wp\/v2\/comments\/?post=8460"}],"version-history":[{"count":22,"href":"http:\/\/northmotion.com\/en\/wp-json\/wp\/v2\/pages\/8460\/revisions\/"}],"predecessor-version":[{"id":9139,"href":"http:\/\/northmotion.com\/en\/wp-json\/wp\/v2\/pages\/8460\/revisions\/9139\/"}],"wp:attachment":[{"href":"http:\/\/northmotion.com\/en\/wp-json\/wp\/v2\/media\/?parent=8460"}],"curies":[{"name":"wp","href":"https:\/\/api.w.org\/{rel}","templated":true}]}}